{"id":3323,"date":"2021-02-09T10:24:34","date_gmt":"2021-02-09T09:24:34","guid":{"rendered":"https:\/\/www.contessa.at\/?page_id=3323"},"modified":"2021-02-17T13:09:33","modified_gmt":"2021-02-17T12:09:33","slug":"estratto","status":"publish","type":"page","link":"https:\/\/www.contessa.at\/it\/libro\/estratto\/","title":{"rendered":"Scarica GRATIS un estratto!"},"content":{"rendered":"\n<style type=\"text\/css\" data-created_by=\"avia_inline_auto\" id=\"style-css-av-qjyvj-93d01433ce64aab955ed2196a34a3916\">\n.flex_column.av-qjyvj-93d01433ce64aab955ed2196a34a3916{\nborder-radius:0px 0px 0px 0px;\npadding:0px 0px 0px 0px;\n}\n<\/style>\n<div  class='flex_column av-qjyvj-93d01433ce64aab955ed2196a34a3916 av_one_third  avia-builder-el-0  el_before_av_two_third  avia-builder-el-first  first flex_column_div av-zero-column-padding  '     ><style type=\"text\/css\" data-created_by=\"avia_inline_auto\" id=\"style-css-av-kghn3-2bde21d4e7b680db170bc1971c7263d6\">\n.avia-image-container.av-kghn3-2bde21d4e7b680db170bc1971c7263d6 img.avia_image{\nbox-shadow:none;\n}\n.avia-image-container.av-kghn3-2bde21d4e7b680db170bc1971c7263d6 .av-image-caption-overlay-center{\ncolor:#ffffff;\n}\n<\/style>\n<div  class='avia-image-container av-kghn3-2bde21d4e7b680db170bc1971c7263d6 av-styling- av-img-linked avia-align-  avia-builder-el-1  avia-builder-el-no-sibling '   itemprop=\"image\" itemscope=\"itemscope\" itemtype=\"https:\/\/schema.org\/ImageObject\" ><div class=\"avia-image-container-inner\"><div class=\"avia-image-overlay-wrap\"><a href=\"https:\/\/www.contessa.at\/it\/\" class='avia_image '  aria-label='titelbild-langelo-con-la-frusta'><img decoding=\"async\" fetchpriority=\"high\" class='wp-image-3766 avia-img-lazy-loading-not-3766 avia_image ' src=\"https:\/\/www.contessa.at\/wp-content\/uploads\/titelbild-langelo-con-la-frusta-200x300.jpg\" alt='' title='titelbild-langelo-con-la-frusta'  height=\"300\" width=\"200\"  itemprop=\"thumbnailUrl\" srcset=\"https:\/\/www.contessa.at\/wp-content\/uploads\/titelbild-langelo-con-la-frusta-200x300.jpg 200w, https:\/\/www.contessa.at\/wp-content\/uploads\/titelbild-langelo-con-la-frusta-471x705.jpg 471w, https:\/\/www.contessa.at\/wp-content\/uploads\/titelbild-langelo-con-la-frusta-450x674.jpg 450w, https:\/\/www.contessa.at\/wp-content\/uploads\/titelbild-langelo-con-la-frusta-100x150.jpg 100w, https:\/\/www.contessa.at\/wp-content\/uploads\/titelbild-langelo-con-la-frusta.jpg 668w\" sizes=\"(max-width: 200px) 100vw, 200px\" \/><\/a><\/div><\/div><\/div><\/div>\n\n<style type=\"text\/css\" data-created_by=\"avia_inline_auto\" id=\"style-css-av-hre9r-9d193e8b0866d2ff4d36689ae08ebb85\">\n.flex_column.av-hre9r-9d193e8b0866d2ff4d36689ae08ebb85{\nborder-radius:0px 0px 0px 0px;\npadding:0px 0px 0px 0px;\n}\n<\/style>\n<div  class='flex_column av-hre9r-9d193e8b0866d2ff4d36689ae08ebb85 av_two_third  avia-builder-el-2  el_after_av_one_third  avia-builder-el-last  flex_column_div av-zero-column-padding  '     ><section  class='av_textblock_section av-2iuzxb-4be1206a5f4471c0342e1f91e0ecd5c6 '   itemscope=\"itemscope\" itemtype=\"https:\/\/schema.org\/CreativeWork\" ><div class='avia_textblock'  itemprop=\"text\" ><h2>Scarica GRATIS un estratto!<\/h2>\n<p>Scarica gratuitamente un estratto da &#8220;L&#8217;Angelo con la frusta&#8221; e segui Juliette a Parigi. Immergiti nel suo mondo gi\u00e0 dal primo capitolo!<\/p>\n<p><strong>Inserisci il tuo indirizzo e-mail e otterrai immediatamente il link di download.<\/strong><\/p>\n<div class=\"wpcf7 no-js\" id=\"wpcf7-f3332-o1\" lang=\"de-DE\" dir=\"ltr\" data-wpcf7-id=\"3332\">\n<div class=\"screen-reader-response\">\n<p role=\"status\" aria-live=\"polite\" aria-atomic=\"true\"><\/p> <ul><\/ul>\n<\/div>\n<form action=\"\/it\/wp-json\/wp\/v2\/pages\/3323#wpcf7-f3332-o1\" method=\"post\" class=\"wpcf7-form init\" aria-label=\"Kontaktformular\" novalidate=\"novalidate\" data-status=\"init\">\n<fieldset class=\"hidden-fields-container\">\n<input type=\"hidden\" name=\"_wpcf7\" value=\"3332\"><input type=\"hidden\" name=\"_wpcf7_version\" value=\"6.1.3\"><input type=\"hidden\" name=\"_wpcf7_locale\" value=\"de_DE\"><input type=\"hidden\" name=\"_wpcf7_unit_tag\" value=\"wpcf7-f3332-o1\"><input type=\"hidden\" name=\"_wpcf7_container_post\" value=\"0\"><input type=\"hidden\" name=\"_wpcf7_posted_data_hash\" value=\"\">\n<\/fieldset>\n<p><strong>Indirizzo e-mail<\/strong><span class=\"wpcf7-form-control-wrap\" data-name=\"your-email\"><input size=\"40\" maxlength=\"400\" class=\"wpcf7-form-control wpcf7-email wpcf7-validates-as-required wpcf7-text wpcf7-validates-as-email\" aria-required=\"true\" aria-invalid=\"false\" value=\"\" type=\"email\" name=\"your-email\"><\/span><span id=\"wpcf7-69f08b7ec5318-wrapper\" class=\"wpcf7-form-control-wrap email-firma-wrap\" style=\"display:none !important; visibility:hidden !important;\"><label for=\"wpcf7-69f08b7ec5318-field\" class=\"hp-message\">Bitte lasse dieses Feld leer.<\/label><input id=\"wpcf7-69f08b7ec5318-field\" class=\"wpcf7-form-control wpcf7-text\" type=\"text\" name=\"email-firma\" value=\"\" size=\"40\" tabindex=\"-1\" autocomplete=\"new-password\"><\/span>\n<\/p>\n<p><span class=\"wpcf7-form-control-wrap\" data-name=\"dsgvo_zustimmung\"><span class=\"wpcf7-form-control wpcf7-checkbox wpcf7-validates-as-required\"><span class=\"wpcf7-list-item first last\"><input type=\"checkbox\" name=\"dsgvo_zustimmung[]\" value=\"GDPR:\"><span class=\"wpcf7-list-item-label\">GDPR:<\/span><\/span><\/span><\/span> Acconsento alla registrazione del mio indirizzo e-mail al quale mi verr&agrave; inviato il link per il download del saggio gratuito. L'estratto non pu&ograve; essere scaricato direttamente dalla pagina ma unicamente tramite link personalizzato. L'indirizzo e-mail NON verr&agrave; utilizzato per finalit&agrave; di marketing senza un esplicito consenso (casella di spunta, qui sotto) [...]. Ho preso visione <a href=\"https:\/\/www.contessa.at\/kontakt\/rechtliche-hinweise-datenschutzerklaerung\/\">dell'informativa sul trattamento dei dati<\/a>.\n<\/p>\n<p><span class=\"wpcf7-form-control-wrap\" data-name=\"newsletter_einladung\"><span class=\"wpcf7-form-control wpcf7-checkbox\"><span class=\"wpcf7-list-item first last\"><input type=\"checkbox\" name=\"newsletter_einladung[]\" value=\"Newsletter:\"><span class=\"wpcf7-list-item-label\">Newsletter:<\/span><\/span><\/span><\/span> S&igrave;, voglio ricevere la newsletter per essere aggiornato su eventi, letture e iniziative in corso.\n<\/p>\n<p><input class=\"wpcf7-form-control wpcf7-submit has-spinner\" type=\"submit\" value=\"Ordina GRATIS l'estratto!\">\n<\/p>\n<label class=\"ebd_input\"><input type=\"hidden\" name=\"ebd_downloads[]\" value=\"3327|L'Angelo con la frusta estratto\"> <\/label><input type=\"hidden\" class=\"ebd_setting\" name=\"ebd_settings[]\" value=\"title|L'Angelo con la frusta estratto\"><input type=\"hidden\" class=\"ebd_setting\" name=\"ebd_settings[]\" value=\"delivered_as|Send Email\"><input type=\"hidden\" class=\"ebd_setting\" name=\"ebd_settings[]\" value=\"hide_form|no\"><input type=\"hidden\" class=\"ebd_setting\" name=\"ebd_settings[]\" value=\"radio|no\"><input type=\"hidden\" class=\"ebd_setting\" name=\"ebd_settings[]\" value=\"link_format|_blank\"><input type=\"hidden\" class=\"ebd_setting\" name=\"ebd_settings[]\" value=\"file_thumbnail|no\"><input type=\"hidden\" class=\"ebd_setting\" name=\"ebd_settings[]\" value=\"item_id|3\"><input type=\"hidden\" class=\"ebd_setting\" name=\"ebd_settings[]\" value=\"form_id|wpcf7-f3332-o1\"><div class=\"wpcf7-response-output\" aria-hidden=\"true\"><\/div>\n<\/form>\n<\/div>\n\n<p><em>Se quello che hai letto ti \u00e8 piaciuto puoi acquistare il <a href='https:\/\/www.contessa.at\/it\/libro\/acquista\/' target='_blank' rel='noopener'>libro in versione e-book e stampa qui!<\/a><\/em><\/p>\n<p class='klein'>L&#8217;indirizzo e-mail immesso verr\u00e0 utilizzato a soli scopi interni, non sar\u00e0 ceduto a terzi e rester\u00e0 strettamente riservato!<\/p>\n<\/div><\/section><\/div>\n","protected":false},"excerpt":{"rendered":"","protected":false},"author":1,"featured_media":0,"parent":3309,"menu_order":200,"comment_status":"closed","ping_status":"closed","template":"","meta":{"footnotes":""},"class_list":["post-3323","page","type-page","status-publish","hentry"],"aioseo_notices":[],"publishpress_future_action":{"enabled":false,"date":"2026-05-05 11:27:10","action":"change-status","newStatus":"draft","terms":[],"taxonomy":"translation_priority","extraData":[]},"publishpress_future_workflow_manual_trigger":{"enabledWorkflows":[]},"_links":{"self":[{"href":"https:\/\/www.contessa.at\/it\/wp-json\/wp\/v2\/pages\/3323","targetHints":{"allow":["GET"]}}],"collection":[{"href":"https:\/\/www.contessa.at\/it\/wp-json\/wp\/v2\/pages"}],"about":[{"href":"https:\/\/www.contessa.at\/it\/wp-json\/wp\/v2\/types\/page"}],"author":[{"embeddable":true,"href":"https:\/\/www.contessa.at\/it\/wp-json\/wp\/v2\/users\/1"}],"replies":[{"embeddable":true,"href":"https:\/\/www.contessa.at\/it\/wp-json\/wp\/v2\/comments?post=3323"}],"version-history":[{"count":5,"href":"https:\/\/www.contessa.at\/it\/wp-json\/wp\/v2\/pages\/3323\/revisions"}],"predecessor-version":[{"id":3857,"href":"https:\/\/www.contessa.at\/it\/wp-json\/wp\/v2\/pages\/3323\/revisions\/3857"}],"up":[{"embeddable":true,"href":"https:\/\/www.contessa.at\/it\/wp-json\/wp\/v2\/pages\/3309"}],"wp:attachment":[{"href":"https:\/\/www.contessa.at\/it\/wp-json\/wp\/v2\/media?parent=3323"}],"curies":[{"name":"wp","href":"https:\/\/api.w.org\/{rel}","templated":true}]}}